{"id":2952,"date":"2019-11-15T08:41:06","date_gmt":"2019-11-15T07:41:06","guid":{"rendered":"https:\/\/richmondpark.school\/shop\/?page_id=2952"},"modified":"2019-11-15T08:41:06","modified_gmt":"2019-11-15T07:41:06","slug":"recogidas","status":"publish","type":"page","link":"https:\/\/richmondpark.school\/shop\/recogidas\/","title":{"rendered":"Recogidas"},"content":{"rendered":"\n<p>Todas las recogidas y gesti\u00f3n de devoluciones ser\u00e1n a trav\u00e9s de nuestra oficina comercial de Richmond Park School en calle Costa Brava, 55 &#8211; Mirasierra, 28034 Madrid<\/p>\n\n\n\n<h2>Plazo<\/h2>\n\n\n\n<p>Desde el momento en que se gestiona el pedido y la realizaci\u00f3n efectiva del pago, al ser un producto personalizado, nos comprometemos a entregarlo en la oficina comercial de  Richmond Park School en Costa Brava, 55 &#8211; Mirasierra, 28034 Madrid en un plazo m\u00e1ximo de 2 semanas<\/p>\n\n\n\n<h2>Seguimiento de env\u00edos<\/h2>\n\n\n\n<p>Se podr\u00e1 realizar a trav\u00e9s del mail info@richmondpark.school indicando n\u00famero de pedido<\/p>\n","protected":false},"excerpt":{"rendered":"<p>Todas las recogidas y gesti\u00f3n de devoluciones ser\u00e1n a trav\u00e9s de nuestra oficina comercial de Richmond Park School en calle Costa Brava, 55 &#8211; Mirasierra, 28034 Madrid Plazo Desde el momento en que se gestiona el pedido y la realizaci\u00f3n efectiva del pago, al ser un producto personalizado, nos comprometemos a entregarlo en la oficina [&hellip;]<\/p>\n","protected":false},"author":1,"featured_media":0,"parent":0,"menu_order":0,"comment_status":"closed","ping_status":"closed","template":"","meta":[],"_links":{"self":[{"href":"https:\/\/richmondpark.school\/shop\/wp-json\/wp\/v2\/pages\/2952"}],"collection":[{"href":"https:\/\/richmondpark.school\/shop\/wp-json\/wp\/v2\/pages"}],"about":[{"href":"https:\/\/richmondpark.school\/shop\/wp-json\/wp\/v2\/types\/page"}],"author":[{"embeddable":true,"href":"https:\/\/richmondpark.school\/shop\/wp-json\/wp\/v2\/users\/1"}],"replies":[{"embeddable":true,"href":"https:\/\/richmondpark.school\/shop\/wp-json\/wp\/v2\/comments?post=2952"}],"version-history":[{"count":1,"href":"https:\/\/richmondpark.school\/shop\/wp-json\/wp\/v2\/pages\/2952\/revisions"}],"predecessor-version":[{"id":2953,"href":"https:\/\/richmondpark.school\/shop\/wp-json\/wp\/v2\/pages\/2952\/revisions\/2953"}],"wp:attachment":[{"href":"https:\/\/richmondpark.school\/shop\/wp-json\/wp\/v2\/media?parent=2952"}],"curies":[{"name":"wp","href":"https:\/\/api.w.org\/{rel}","templated":true}]}}