{"id":2950,"date":"2019-11-15T08:38:56","date_gmt":"2019-11-15T07:38:56","guid":{"rendered":"https:\/\/richmondpark.school\/shop\/?page_id=2950"},"modified":"2019-11-15T12:12:29","modified_gmt":"2019-11-15T11:12:29","slug":"devoluciones","status":"publish","type":"page","link":"https:\/\/richmondpark.school\/shop\/devoluciones\/","title":{"rendered":"Devoluciones"},"content":{"rendered":"\n<p> S\u00f3lo se devolver\u00e1n los productos defectuosos o que no coincidan con la referencia comprada. La recogida y nueva entrega se realizar\u00e1 en la oficina comercial de Richmond Park School en Calle Costa Brava, 55.<\/p>\n","protected":false},"excerpt":{"rendered":"<p>S\u00f3lo se devolver\u00e1n los productos defectuosos o que no coincidan con la referencia comprada. La recogida y nueva entrega se realizar\u00e1 en la oficina comercial de Richmond Park School en Calle Costa Brava, 55.<\/p>\n","protected":false},"author":1,"featured_media":0,"parent":0,"menu_order":0,"comment_status":"closed","ping_status":"closed","template":"","meta":[],"_links":{"self":[{"href":"https:\/\/richmondpark.school\/shop\/wp-json\/wp\/v2\/pages\/2950"}],"collection":[{"href":"https:\/\/richmondpark.school\/shop\/wp-json\/wp\/v2\/pages"}],"about":[{"href":"https:\/\/richmondpark.school\/shop\/wp-json\/wp\/v2\/types\/page"}],"author":[{"embeddable":true,"href":"https:\/\/richmondpark.school\/shop\/wp-json\/wp\/v2\/users\/1"}],"replies":[{"embeddable":true,"href":"https:\/\/richmondpark.school\/shop\/wp-json\/wp\/v2\/comments?post=2950"}],"version-history":[{"count":2,"href":"https:\/\/richmondpark.school\/shop\/wp-json\/wp\/v2\/pages\/2950\/revisions"}],"predecessor-version":[{"id":2965,"href":"https:\/\/richmondpark.school\/shop\/wp-json\/wp\/v2\/pages\/2950\/revisions\/2965"}],"wp:attachment":[{"href":"https:\/\/richmondpark.school\/shop\/wp-json\/wp\/v2\/media?parent=2950"}],"curies":[{"name":"wp","href":"https:\/\/api.w.org\/{rel}","templated":true}]}}