{"id":2948,"date":"2019-11-15T08:37:06","date_gmt":"2019-11-15T07:37:06","guid":{"rendered":"https:\/\/richmondpark.school\/shop\/?page_id=2948"},"modified":"2019-11-15T08:37:06","modified_gmt":"2019-11-15T07:37:06","slug":"condiciones-de-uso","status":"publish","type":"page","link":"https:\/\/richmondpark.school\/shop\/condiciones-de-uso\/","title":{"rendered":"Condiciones de uso"},"content":{"rendered":"\n<h4>OBJETO<\/h4>\n\n\n\n<p>El objeto de los presentes T\u00e9rminos y Condiciones de compra es el suministro por parte de\u00a0Richmond Park School de los productos ofrecidos en su tienda online, a cambio de una prestaci\u00f3n econ\u00f3mica.<\/p>\n\n\n\n<h4>SERVICIO<\/h4>\n\n\n\n<p>Richmond Park School\u00a0tiene como prioridad la satisfacci\u00f3n de sus clientes y lo quiere lograr a trav\u00e9s de un servicio excelente. Por tanto, garantiza la calidad de los productos entregados y la entrega de los mismos en los t\u00e9rminos citados m\u00e1s adelante.<\/p>\n\n\n\n<p>Ayuda<\/p>\n\n\n\n<p>Si necesitas ayuda para realizar la compra online, no dudes en contactarnos a trav\u00e9s de nuestro email\u00a0info@richmondpark.school, estaremos encantados de ayudarte.<\/p>\n\n\n\n<p>Privacidad<\/p>\n\n\n\n<p>Todos los datos facilitados por los clientes de\u00a0Richmond Park School ser\u00e1n tratados con extrema privacidad y no se facilitar\u00e1n a terceros, salvo cuando sea necesario para la entrega del pedido.<\/p>\n\n\n\n<p>Los datos bancarios los trata directamente PayPal, el proveedor que hemos elegido para el servicio del cobro electr\u00f3nico por ser \u201cla forma m\u00e1s r\u00e1pida y segura de pagar en internet\u201d o a trav\u00e9s de plataforma de la entidad Adyen B.V. Por tanto,\u00a0Richmond Park School nunca ver\u00e1 la informaci\u00f3n de la tarjeta de cr\u00e9dito de los clientes, simplemente recibir\u00e1 el pago y los detalles del pedido para elaborarlo. Para m\u00e1s informaci\u00f3n visita\u00a0<a href=\"http:\/\/www.paypal.com\/\">www.paypal.com<\/a>\u00a0y\/o la informaci\u00f3n de la plataforma de pago Adyen B.V, o bien cont\u00e1ctanos a\u00a0info@richmondpark.school.<\/p>\n\n\n\n<p>Nos reservamos el derecho de utilizar los datos comerciales de manera an\u00f3nima para estudiar los h\u00e1bitos y usos de compra.<\/p>\n\n\n\n<p>Servicio post-venta<\/p>\n\n\n\n<p>Si deseas contactar con nuestro Servicio de Atenci\u00f3n al Cliente, puedes enviarnos un correo a\u00a0info@richmondpark.school.<\/p>\n\n\n\n<h4>PEDIDOS<\/h4>\n\n\n\n<p>Precio<\/p>\n\n\n\n<p>Los productos se vender\u00e1n al precio que se indica, siendo vigente el que se recoge en el momento de la confirmaci\u00f3n del pedido por parte del cliente.<\/p>\n\n\n\n<p>Impuestos<\/p>\n\n\n\n<p>Todos los precios incluyen el Impuesto sobre el Valor A\u00f1adido (IVA), en vigor, pero excluyen los costes de env\u00edo que variar\u00e1n en funci\u00f3n del n\u00famero de productos comprados.<\/p>\n\n\n\n<p>Confirmaci\u00f3n del pedido<\/p>\n\n\n\n<p>Una vez el cliente haya efectuado el pago correspondiente al pedido se le enviar\u00e1 una confirmaci\u00f3n del pedido en forma de email.<\/p>\n\n\n\n<h4>PAGO<\/h4>\n\n\n\n<p>M\u00e9todo de pago<\/p>\n\n\n\n<p>Los pagos de los pedidos se pueden hacer con tarjeta de cr\u00e9dito o d\u00e9bito o a trav\u00e9s de una cuenta de PayPal.<\/p>\n\n\n\n<p><strong>IMPORTANTE:<\/strong>&nbsp;No hace falta tener una cuenta PayPal, el cliente podr\u00e1 pagar con tarjeta de cr\u00e9dito (VISA, MASTERCARD o AMERICAN EXPRESS) o bien a trav\u00e9s de PayPal mismo.<\/p>\n\n\n\n<p>Privacidad y seguridad<\/p>\n\n\n\n<p>PayPal y el sistema de pago con tarjeta, Adyen, son la manera m\u00e1s fiable, segura y r\u00e1pida de hacer pagos por internet. En efecto, al ser PayPal y Adyen quien efect\u00faa los cobros directamente a nuestros clientes,\u00a0Richmond Park School no tendr\u00e1 acceso a los datos bancarios de estos \u00faltimos.<\/p>\n\n\n\n<p>Para m\u00e1s informaci\u00f3n visita\u00a0<a href=\"http:\/\/www.paypal.com\/\">www.paypal.com<\/a>\u00a0y\/o el apartado de plataforma de pago de www.adyen.com, o bien cont\u00e1ctanos a\u00a0info@richmondpark.school.<\/p>\n\n\n\n<p>Hemos contratado el certificado SSL, el cual protege la privacidad del consumidor.<\/p>\n\n\n\n<h4>INFORMACI\u00d3N SOBRE LOS PRODUCTOS<\/h4>\n\n\n\n<p>Prestamos gran atenci\u00f3n a la informaci\u00f3n relativa a las caracter\u00edsticas de los productos mediante descripciones y fotograf\u00edas que ilustran los productos. Todo ello se hace dentro del l\u00edmite de la t\u00e9cnica y respetando los mejores est\u00e1ndares del mercado.<\/p>\n\n\n\n<p>Para cualquier duda y\/o consulta el cliente podr\u00e1 ponerse en contacto con nosotros a trav\u00e9s del mail\u00a0info@richmondpark.school.<\/p>\n\n\n\n<h4>COPYRIGHT | PROPIEDAD INTELECTUAL<\/h4>\n\n\n\n<p>Todo el contenido de la tienda online de Richmond Park School,\u00a0ilustraciones, textos, denominaciones, marcas, im\u00e1genes y v\u00eddeos, son propiedad de Richmond Park School. Cualquier mal uso puede ser perseguido legalmente.<\/p>\n\n\n\n<h4>EMPRESA<\/h4>\n\n\n\n<p>Para cualquier consulta, reclamaci\u00f3n o sugerencia, el cliente podr\u00e1 ponerse en contacto con nosotros a trav\u00e9s del mail\u00a0info@richmondpark.school.<\/p>\n","protected":false},"excerpt":{"rendered":"<p>OBJETO El objeto de los presentes T\u00e9rminos y Condiciones de compra es el suministro por parte de\u00a0Richmond Park School de los productos ofrecidos en su tienda online, a cambio de una prestaci\u00f3n econ\u00f3mica. SERVICIO Richmond Park School\u00a0tiene como prioridad la satisfacci\u00f3n de sus clientes y lo quiere lograr a trav\u00e9s de un servicio excelente. Por [&hellip;]<\/p>\n","protected":false},"author":1,"featured_media":0,"parent":0,"menu_order":0,"comment_status":"closed","ping_status":"closed","template":"","meta":[],"_links":{"self":[{"href":"https:\/\/richmondpark.school\/shop\/wp-json\/wp\/v2\/pages\/2948"}],"collection":[{"href":"https:\/\/richmondpark.school\/shop\/wp-json\/wp\/v2\/pages"}],"about":[{"href":"https:\/\/richmondpark.school\/shop\/wp-json\/wp\/v2\/types\/page"}],"author":[{"embeddable":true,"href":"https:\/\/richmondpark.school\/shop\/wp-json\/wp\/v2\/users\/1"}],"replies":[{"embeddable":true,"href":"https:\/\/richmondpark.school\/shop\/wp-json\/wp\/v2\/comments?post=2948"}],"version-history":[{"count":1,"href":"https:\/\/richmondpark.school\/shop\/wp-json\/wp\/v2\/pages\/2948\/revisions"}],"predecessor-version":[{"id":2949,"href":"https:\/\/richmondpark.school\/shop\/wp-json\/wp\/v2\/pages\/2948\/revisions\/2949"}],"wp:attachment":[{"href":"https:\/\/richmondpark.school\/shop\/wp-json\/wp\/v2\/media?parent=2948"}],"curies":[{"name":"wp","href":"https:\/\/api.w.org\/{rel}","templated":true}]}}