{"id":2946,"date":"2019-11-15T08:31:45","date_gmt":"2019-11-15T07:31:45","guid":{"rendered":"https:\/\/richmondpark.school\/shop\/?page_id=2946"},"modified":"2019-11-15T08:31:45","modified_gmt":"2019-11-15T07:31:45","slug":"compras-100-seguras","status":"publish","type":"page","link":"https:\/\/richmondpark.school\/shop\/compras-100-seguras\/","title":{"rendered":"Compras 100% seguras"},"content":{"rendered":"\n<p>Te encuentras en un sitio seguro. En\u00a0Richmond Park School\u00a0las compras son completamente seguras ya que utilizamos los sistemas de pedido online m\u00e1s seguros del mercado y estamos constantemente investigando y mejorando nuestro software para asegurarnos de seguir ofreciendo los m\u00e1s cualificados est\u00e1ndares de seguridad en todo momento.<\/p>\n\n\n\n<p>Todas las operaciones que implican la transmisi\u00f3n de datos personales o bancarios se realizan utilizando un entorno seguro, un servidor basado en la tecnolog\u00eda de seguridad est\u00e1ndar SSL (Secure Sockets Layer). Toda la informaci\u00f3n que nos transmita viaja cifrada a trav\u00e9s de la red.<\/p>\n\n\n\n<p>En ning\u00fan momento Richmond Park School tiene acceso a los datos de tu tarjeta o cuenta. Los datos de las tarjetas son gestionados directamente por las entidades bancarias a trav\u00e9s de la pasarela, garantizando su gesti\u00f3n adecuada y totalmente confidencial. El motor de estas operaciones reside en la plataforma de comercio electr\u00f3nico ADYEN (pasarela de pago) que procesa todos los pagos con tarjeta de cr\u00e9dito y d\u00e9bito y Paypal, lo que garantiza la rapidez y fiabilidad de las operaciones.<\/p>\n\n\n\n<h4>M\u00e9todos de pago<\/h4>\n\n\n\n<p>En Richmond Park School encontrar\u00e1s las formas de pago con tarjeta y Paypal.<\/p>\n\n\n\n<p>Aceptamos Visa, Visa electr\u00f3n, Mastercard y American Express para tus pagos con tarjeta, mediante la plataforma de pago seguro que realizamos con ADYEN (Pol\u00edtica de privacidad de Adyen).<\/p>\n\n\n\n<p>Puedes realizar tu pago de forma segura con una cuenta Paypal, f\u00e1cil y c\u00f3modamente.<\/p>\n","protected":false},"excerpt":{"rendered":"<p>Te encuentras en un sitio seguro. En\u00a0Richmond Park School\u00a0las compras son completamente seguras ya que utilizamos los sistemas de pedido online m\u00e1s seguros del mercado y estamos constantemente investigando y mejorando nuestro software para asegurarnos de seguir ofreciendo los m\u00e1s cualificados est\u00e1ndares de seguridad en todo momento. Todas las operaciones que implican la transmisi\u00f3n de [&hellip;]<\/p>\n","protected":false},"author":1,"featured_media":0,"parent":0,"menu_order":0,"comment_status":"closed","ping_status":"closed","template":"","meta":[],"_links":{"self":[{"href":"https:\/\/richmondpark.school\/shop\/wp-json\/wp\/v2\/pages\/2946"}],"collection":[{"href":"https:\/\/richmondpark.school\/shop\/wp-json\/wp\/v2\/pages"}],"about":[{"href":"https:\/\/richmondpark.school\/shop\/wp-json\/wp\/v2\/types\/page"}],"author":[{"embeddable":true,"href":"https:\/\/richmondpark.school\/shop\/wp-json\/wp\/v2\/users\/1"}],"replies":[{"embeddable":true,"href":"https:\/\/richmondpark.school\/shop\/wp-json\/wp\/v2\/comments?post=2946"}],"version-history":[{"count":1,"href":"https:\/\/richmondpark.school\/shop\/wp-json\/wp\/v2\/pages\/2946\/revisions"}],"predecessor-version":[{"id":2947,"href":"https:\/\/richmondpark.school\/shop\/wp-json\/wp\/v2\/pages\/2946\/revisions\/2947"}],"wp:attachment":[{"href":"https:\/\/richmondpark.school\/shop\/wp-json\/wp\/v2\/media?parent=2946"}],"curies":[{"name":"wp","href":"https:\/\/api.w.org\/{rel}","templated":true}]}}