{"id":224,"date":"2018-09-20T15:34:51","date_gmt":"2018-09-20T14:34:51","guid":{"rendered":"http:\/\/richmondpark.school\/?page_id=224"},"modified":"2025-09-02T13:00:58","modified_gmt":"2025-09-02T12:00:58","slug":"politica-de-privacidad","status":"publish","type":"page","link":"https:\/\/richmondpark.school\/es\/politica-de-privacidad\/","title":{"rendered":"Pol\u00edtica de privacidad"},"content":{"rendered":"\t\t<div data-elementor-type=\"wp-page\" data-elementor-id=\"224\" class=\"elementor elementor-224\" data-elementor-post-type=\"page\">\n\t\t\t\t<div class=\"elementor-element elementor-element-2076463 e-con-full e-flex e-con e-parent\" data-id=\"2076463\" data-element_type=\"container\" data-e-type=\"container\">\n\t\t\t\t<div class=\"elementor-element elementor-element-7cbe312 legal-privacy  elementor-widget elementor-widget-heading\" data-id=\"7cbe312\" data-element_type=\"widget\" data-e-type=\"widget\" data-widget_type=\"heading.default\">\n\t\t\t\t\t<h3 class=\"elementor-heading-title elementor-size-default\">1. Protecci\u00f3n de Datos Personales<\/h3>\t\t\t\t<\/div>\n\t\t\t\t<div class=\"elementor-element elementor-element-f79c768 desc elementor-widget elementor-widget-text-editor\" data-id=\"f79c768\" data-element_type=\"widget\" data-e-type=\"widget\" data-widget_type=\"text-editor.default\">\n\t\t\t\t\t\t\t\t\t<p>A efectos de lo establecido en la Ley Org\u00e1nica 15\/1999 de 13 de Diciembre de Protecci\u00f3n de Datos de Car\u00e1cter Personal, RICHMOND PARK SCHOOL, S.L. le informa de que los datos personales que ocasi\u00f3n del registro y participaci\u00f3n en este sitio web sean introducidos por los usuarios en el mismo ser\u00e1n incorporados a ficheros automatizados de su titularidad.<\/p>\t\t\t\t\t\t\t\t<\/div>\n\t\t\t\t<div class=\"elementor-element elementor-element-dfebef9 desc link-privacy elementor-widget elementor-widget-text-editor\" data-id=\"dfebef9\" data-element_type=\"widget\" data-e-type=\"widget\" data-widget_type=\"text-editor.default\">\n\t\t\t\t\t\t\t\t\t<p>En todos los casos se mostrar\u00e1n los correspondientes avisos acerca de derechos y, en su caso, dem\u00e1s obligaciones de informaci\u00f3n vigentes.<\/p>\t\t\t\t\t\t\t\t<\/div>\n\t\t\t\t<div class=\"elementor-element elementor-element-c9c9c2d desc elementor-widget elementor-widget-text-editor\" data-id=\"c9c9c2d\" data-element_type=\"widget\" data-e-type=\"widget\" data-widget_type=\"text-editor.default\">\n\t\t\t\t\t\t\t\t\t<p>Los usuarios podr\u00e1n ejercer sus derechos de acceso, de rectificaci\u00f3n, de cancelaci\u00f3n y de oposici\u00f3n en lo relativo a sus datos de car\u00e1cter personal mediante un correo electr\u00f3nico dirigido a inforichmondparkschool@gmail.com o por correo postal ordinario a RICHMOND PARK SCHOOL S.L., Ref. \u201cDATOS PERSONALES\u201d, c\/Costa Brava, 55. 28035 Madrid. Las comunicaciones deber\u00e1n ir acompa\u00f1adas de copia de documento nacional de identidad o documento identificativo equivalente.<\/p>\t\t\t\t\t\t\t\t<\/div>\n\t\t\t\t<div class=\"elementor-element elementor-element-8de1bff legal-privacy  elementor-widget elementor-widget-heading\" data-id=\"8de1bff\" data-element_type=\"widget\" data-e-type=\"widget\" data-widget_type=\"heading.default\">\n\t\t\t\t\t<h3 class=\"elementor-heading-title elementor-size-default\">2. Uso de cookies<\/h3>\t\t\t\t<\/div>\n\t\t\t\t<div class=\"elementor-element elementor-element-f0aa402 desc elementor-widget elementor-widget-text-editor\" data-id=\"f0aa402\" data-element_type=\"widget\" data-e-type=\"widget\" data-widget_type=\"text-editor.default\">\n\t\t\t\t\t\t\t\t\t<p>El SITIO WEB de RICHMOND PARK SCHOOL emplea \u2018cookies\u2019 ajenos con la finalidad de establecer m\u00e9tricas y patrones de uso del sitio. El acceso, uso y, en general, la navegaci\u00f3n por el SITIO WEB de RICHMOND PARK SCHOOL suponen necesariamente el consentimiento del usuario a la utilizaci\u00f3n de \u201ccookies\u201d por parte de RICHMOND PARK SCHOOL y\/o de sus proveedores de servicios.<\/p>\t\t\t\t\t\t\t\t<\/div>\n\t\t\t\t<div class=\"elementor-element elementor-element-9c4277c desc elementor-widget elementor-widget-text-editor\" data-id=\"9c4277c\" data-element_type=\"widget\" data-e-type=\"widget\" data-widget_type=\"text-editor.default\">\n\t\t\t\t\t\t\t\t\t<p>\u00bfQu\u00e9 tipos de cookies utiliza esta p\u00e1gina web?<\/p>\t\t\t\t\t\t\t\t<\/div>\n\t\t\t\t<div class=\"elementor-element elementor-element-fb6ad12 desc green-maker--list elementor-widget elementor-widget-text-editor\" data-id=\"fb6ad12\" data-element_type=\"widget\" data-e-type=\"widget\" data-widget_type=\"text-editor.default\">\n\t\t\t\t\t\t\t\t\t<p>Google Inc.<br>Google Analytics<br>Nombre de cookies: id, __utmz, __utmc, __utmb, __utma, __atuvc, __asc, __auc, __ga, __gat<br>Web del emisor: http:\/\/www.google.com\/analytics\/<br>Tipo de cookie: Cookie de an\u00e1lisis<br>Descripci\u00f3n: Sistema para analizar el tr\u00e1fico en la web.<\/p>\t\t\t\t\t\t\t\t<\/div>\n\t\t\t\t<div class=\"elementor-element elementor-element-2d6a789 desc elementor-widget elementor-widget-text-editor\" data-id=\"2d6a789\" data-element_type=\"widget\" data-e-type=\"widget\" data-widget_type=\"text-editor.default\">\n\t\t\t\t\t\t\t\t\t<p>Google map<br>Nombre de cookies: SSID, SAPISID, PREF, NID, HSID, APISID<br>Web del emisor: http:\/\/www.google.com\/maps\/preview<br>Tipo de cookie: Cookie de an\u00e1lisis<br>Descripci\u00f3n: Servicio de mapas en la web.<\/p>\t\t\t\t\t\t\t\t<\/div>\n\t\t\t\t<div class=\"elementor-element elementor-element-e578bbb desc elementor-widget elementor-widget-text-editor\" data-id=\"e578bbb\" data-element_type=\"widget\" data-e-type=\"widget\" data-widget_type=\"text-editor.default\">\n\t\t\t\t\t\t\t\t\t<p><strong>Cookies de an\u00e1lisis<\/strong><\/p>\t\t\t\t\t\t\t\t<\/div>\n\t\t\t\t<div class=\"elementor-element elementor-element-2a3d196 desc elementor-widget elementor-widget-text-editor\" data-id=\"2a3d196\" data-element_type=\"widget\" data-e-type=\"widget\" data-widget_type=\"text-editor.default\">\n\t\t\t\t\t\t\t\t\t<p>Son aqu\u00e9llas que bien tratadas por nosotros o por terceros, nos permiten cuantificar el n\u00famero de usuarios y as\u00ed realizar la medici\u00f3n y an\u00e1lisis estad\u00edstico de la utilizaci\u00f3n que hacen los usuarios del servicio ofertado. Para ello se analiza su navegaci\u00f3n en nuestra p\u00e1gina web con el fin de mejorar la oferta de productos o servicios que le ofrecemos.<\/p>\t\t\t\t\t\t\t\t<\/div>\n\t\t\t\t<div class=\"elementor-element elementor-element-364dc6e desc elementor-widget elementor-widget-text-editor\" data-id=\"364dc6e\" data-element_type=\"widget\" data-e-type=\"widget\" data-widget_type=\"text-editor.default\">\n\t\t\t\t\t\t\t\t\t<p>Puede usted permitir, bloquear o eliminar las cookies instaladas en su equipo mediante la configuraci\u00f3n de las opciones del navegador instalado en su ordenador. En la funci\u00f3n Ayuda de la mayor\u00eda de los navegadores se indica c\u00f3mo configurar su navegador para que no acepte \u201ccookies\u201d, para que le notifique cada vez que reciba una nueva \u201ccookie\u201d, as\u00ed como para desactivar completamente todas las \u201ccookies\u201d.<\/p>\t\t\t\t\t\t\t\t<\/div>\n\t\t\t\t<div class=\"elementor-element elementor-element-54235d4 desc elementor-widget elementor-widget-text-editor\" data-id=\"54235d4\" data-element_type=\"widget\" data-e-type=\"widget\" data-widget_type=\"text-editor.default\">\n\t\t\t\t\t\t\t\t\t<p>Adem\u00e1s, puede deshabilitar o eliminar datos similares utilizados por las extensiones (add-on) de los navegadores, como las \u201cFlash Cookies\u201d, cambiando la configuraci\u00f3n de dichas extensiones y puede acceder a m\u00e1s informaci\u00f3n visitando el sitio web del fabricante de cada una de dichas extensiones.<\/p>\t\t\t\t\t\t\t\t<\/div>\n\t\t\t\t<div class=\"elementor-element elementor-element-10d3323 desc elementor-widget elementor-widget-text-editor\" data-id=\"10d3323\" data-element_type=\"widget\" data-e-type=\"widget\" data-widget_type=\"text-editor.default\">\n\t\t\t\t\t\t\t\t\t<p>As\u00ed por ejemplo, puede encontrar informaci\u00f3n sobre c\u00f3mo gestionar sus preferencias sobre cookies en los navegadores m\u00e1s habituales a trav\u00e9s de los enlaces siguientes:<\/p>\t\t\t\t\t\t\t\t<\/div>\n\t\t\t\t<div class=\"elementor-element elementor-element-b4fcbde desc link-privacy elementor-widget elementor-widget-text-editor\" data-id=\"b4fcbde\" data-element_type=\"widget\" data-e-type=\"widget\" data-widget_type=\"text-editor.default\">\n\t\t\t\t\t\t\t\t\t<p>Firefox desde <a href=\"https:\/\/support.mozilla.org\/es\/kb\/habilitar-y-deshabilitar-cookies-sitios-web-rastrear-preferencias\" target=\"_blank\" rel=\"noopener\">aqu\u00ed<\/a><br \/>Chrome desde <a href=\"https:\/\/support.google.com\/accounts\/answer\/61416?hl=es\" target=\"_blank\" rel=\"noopener\">aqu\u00ed<\/a><br \/>Explorer desde <a href=\"http:\/\/windows.microsoft.com\/es-es\/internet-explorer\/delete-manage-cookies#ie=ie-11\" target=\"_blank\" rel=\"noopener\">aqu\u00ed<\/a><br \/>Safari desde <a href=\"http:\/\/support.apple.com\/kb\/HT1677?viewlocale=es_ES\" target=\"_blank\" rel=\"noopener\">aqu\u00ed<\/a><br \/>Opera desde <a href=\"http:\/\/help.opera.com\/Windows\/11.50\/es-ES\/cookies.html\" target=\"_blank\" rel=\"noopener\">aqu\u00ed<\/a><\/p>\t\t\t\t\t\t\t\t<\/div>\n\t\t\t\t<\/div>\n\t\t\t\t<\/div>\n\t\t","protected":false},"excerpt":{"rendered":"<p>1. Protecci\u00f3n de Datos Personales A efectos de lo establecido en la Ley Org\u00e1nica 15\/1999 de 13 de Diciembre de [&hellip;]<\/p>\n","protected":false},"author":2,"featured_media":0,"parent":0,"menu_order":0,"comment_status":"closed","ping_status":"closed","template":"","meta":{"inline_featured_image":false,"site-sidebar-layout":"default","site-content-layout":"","ast-site-content-layout":"default","site-content-style":"default","site-sidebar-style":"default","ast-global-header-display":"","ast-banner-title-visibility":"","ast-main-header-display":"","ast-hfb-above-header-display":"","ast-hfb-below-header-display":"","ast-hfb-mobile-header-display":"","site-post-title":"","ast-breadcrumbs-content":"","ast-featured-img":"","footer-sml-layout":"","theme-transparent-header-meta":"","adv-header-id-meta":"","stick-header-meta":"","header-above-stick-meta":"","header-main-stick-meta":"","header-below-stick-meta":"","astra-migrate-meta-layouts":"default","ast-page-background-enabled":"default","ast-page-background-meta":{"desktop":{"background-color":"var(--ast-global-color-5)","background-image":"","background-repeat":"repeat","background-position":"center center","background-size":"auto","background-attachment":"scroll","background-type":"","background-media":"","overlay-type":"","overlay-color":"","overlay-opacity":"","overlay-gradient":""},"tablet":{"background-color":"","background-image":"","background-repeat":"repeat","background-position":"center center","background-size":"auto","background-attachment":"scroll","background-type":"","background-media":"","overlay-type":"","overlay-color":"","overlay-opacity":"","overlay-gradient":""},"mobile":{"background-color":"","background-image":"","background-repeat":"repeat","background-position":"center center","background-size":"auto","background-attachment":"scroll","background-type":"","background-media":"","overlay-type":"","overlay-color":"","overlay-opacity":"","overlay-gradient":""}},"ast-content-background-meta":{"desktop":{"background-color":"var(--ast-global-color-4)","background-image":"","background-repeat":"repeat","background-position":"center center","background-size":"auto","background-attachment":"scroll","background-type":"","background-media":"","overlay-type":"","overlay-color":"","overlay-opacity":"","overlay-gradient":""},"tablet":{"background-color":"var(--ast-global-color-4)","background-image":"","background-repeat":"repeat","background-position":"center center","background-size":"auto","background-attachment":"scroll","background-type":"","background-media":"","overlay-type":"","overlay-color":"","overlay-opacity":"","overlay-gradient":""},"mobile":{"background-color":"var(--ast-global-color-4)","background-image":"","background-repeat":"repeat","background-position":"center center","background-size":"auto","background-attachment":"scroll","background-type":"","background-media":"","overlay-type":"","overlay-color":"","overlay-opacity":"","overlay-gradient":""}},"footnotes":"","_wp_rev_ctl_limit":""},"class_list":["post-224","page","type-page","status-publish","hentry"],"yoast_head":"<!-- This site is optimized with the Yoast SEO plugin v27.5 - https:\/\/yoast.com\/product\/yoast-seo-wordpress\/ -->\n<title>Pol\u00edtica de privacidad - Richmond Park School<\/title>\n<meta name=\"robots\" content=\"index, follow, max-snippet:-1, max-image-preview:large, max-video-preview:-1\" \/>\n<link rel=\"canonical\" href=\"https:\/\/richmondpark.school\/politica-de-privacidad\/\" \/>\n<meta property=\"og:locale\" content=\"es_ES\" \/>\n<meta property=\"og:type\" content=\"article\" \/>\n<meta property=\"og:title\" content=\"Pol\u00edtica de privacidad - Richmond Park School\" \/>\n<meta property=\"og:description\" content=\"1. Protecci\u00f3n de Datos Personales A efectos de lo establecido en la Ley Org\u00e1nica 15\/1999 de 13 de Diciembre de [&hellip;]\" \/>\n<meta property=\"og:url\" content=\"https:\/\/richmondpark.school\/politica-de-privacidad\/\" \/>\n<meta property=\"og:site_name\" content=\"Richmond Park School\" \/>\n<meta property=\"article:publisher\" content=\"https:\/\/www.facebook.com\/richmondparkschool\/\" \/>\n<meta property=\"article:modified_time\" content=\"2025-09-02T12:00:58+00:00\" \/>\n<meta name=\"twitter:card\" content=\"summary_large_image\" \/>\n<meta name=\"twitter:label1\" content=\"Tiempo de lectura\" \/>\n\t<meta name=\"twitter:data1\" content=\"3 minutos\" \/>\n<script type=\"application\/ld+json\" class=\"yoast-schema-graph\">{\"@context\":\"https:\\\/\\\/schema.org\",\"@graph\":[{\"@type\":\"WebPage\",\"@id\":\"https:\\\/\\\/richmondpark.school\\\/politica-de-privacidad\\\/\",\"url\":\"https:\\\/\\\/richmondpark.school\\\/politica-de-privacidad\\\/\",\"name\":\"Pol\u00edtica de privacidad - Richmond Park School\",\"isPartOf\":{\"@id\":\"https:\\\/\\\/richmondpark.school\\\/#website\"},\"datePublished\":\"2018-09-20T14:34:51+00:00\",\"dateModified\":\"2025-09-02T12:00:58+00:00\",\"breadcrumb\":{\"@id\":\"https:\\\/\\\/richmondpark.school\\\/politica-de-privacidad\\\/#breadcrumb\"},\"inLanguage\":\"es\",\"potentialAction\":[{\"@type\":\"ReadAction\",\"target\":[\"https:\\\/\\\/richmondpark.school\\\/politica-de-privacidad\\\/\"]}]},{\"@type\":\"BreadcrumbList\",\"@id\":\"https:\\\/\\\/richmondpark.school\\\/politica-de-privacidad\\\/#breadcrumb\",\"itemListElement\":[{\"@type\":\"ListItem\",\"position\":1,\"name\":\"Portada\",\"item\":\"https:\\\/\\\/richmondpark.school\\\/es\\\/\"},{\"@type\":\"ListItem\",\"position\":2,\"name\":\"Pol\u00edtica de privacidad\"}]},{\"@type\":\"WebSite\",\"@id\":\"https:\\\/\\\/richmondpark.school\\\/#website\",\"url\":\"https:\\\/\\\/richmondpark.school\\\/\",\"name\":\"Richmond Park School\",\"description\":\"Thinking School &amp; Sports Centre\",\"publisher\":{\"@id\":\"https:\\\/\\\/richmondpark.school\\\/#organization\"},\"potentialAction\":[{\"@type\":\"SearchAction\",\"target\":{\"@type\":\"EntryPoint\",\"urlTemplate\":\"https:\\\/\\\/richmondpark.school\\\/?s={search_term_string}\"},\"query-input\":{\"@type\":\"PropertyValueSpecification\",\"valueRequired\":true,\"valueName\":\"search_term_string\"}}],\"inLanguage\":\"es\"},{\"@type\":\"Organization\",\"@id\":\"https:\\\/\\\/richmondpark.school\\\/#organization\",\"name\":\"Richmond Park School\",\"url\":\"https:\\\/\\\/richmondpark.school\\\/\",\"logo\":{\"@type\":\"ImageObject\",\"inLanguage\":\"es\",\"@id\":\"https:\\\/\\\/richmondpark.school\\\/#\\\/schema\\\/logo\\\/image\\\/\",\"url\":\"https:\\\/\\\/richmondpark.school\\\/wp-content\\\/uploads\\\/2026\\\/01\\\/Richmond_logo-vertical-tagline-green.jpg\",\"contentUrl\":\"https:\\\/\\\/richmondpark.school\\\/wp-content\\\/uploads\\\/2026\\\/01\\\/Richmond_logo-vertical-tagline-green.jpg\",\"width\":1344,\"height\":973,\"caption\":\"Richmond Park School\"},\"image\":{\"@id\":\"https:\\\/\\\/richmondpark.school\\\/#\\\/schema\\\/logo\\\/image\\\/\"},\"sameAs\":[\"https:\\\/\\\/www.facebook.com\\\/richmondparkschool\\\/\",\"https:\\\/\\\/www.instagram.com\\\/richmondparkschool\\\/\",\"https:\\\/\\\/www.linkedin.com\\\/company\\\/richmondparkschool\\\/\"]}]}<\/script>\n<!-- \/ Yoast SEO plugin. -->","yoast_head_json":{"title":"Pol\u00edtica de privacidad - Richmond Park School","robots":{"index":"index","follow":"follow","max-snippet":"max-snippet:-1","max-image-preview":"max-image-preview:large","max-video-preview":"max-video-preview:-1"},"canonical":"https:\/\/richmondpark.school\/politica-de-privacidad\/","og_locale":"es_ES","og_type":"article","og_title":"Pol\u00edtica de privacidad - Richmond Park School","og_description":"1. Protecci\u00f3n de Datos Personales A efectos de lo establecido en la Ley Org\u00e1nica 15\/1999 de 13 de Diciembre de [&hellip;]","og_url":"https:\/\/richmondpark.school\/politica-de-privacidad\/","og_site_name":"Richmond Park School","article_publisher":"https:\/\/www.facebook.com\/richmondparkschool\/","article_modified_time":"2025-09-02T12:00:58+00:00","twitter_card":"summary_large_image","twitter_misc":{"Tiempo de lectura":"3 minutos"},"schema":{"@context":"https:\/\/schema.org","@graph":[{"@type":"WebPage","@id":"https:\/\/richmondpark.school\/politica-de-privacidad\/","url":"https:\/\/richmondpark.school\/politica-de-privacidad\/","name":"Pol\u00edtica de privacidad - Richmond Park School","isPartOf":{"@id":"https:\/\/richmondpark.school\/#website"},"datePublished":"2018-09-20T14:34:51+00:00","dateModified":"2025-09-02T12:00:58+00:00","breadcrumb":{"@id":"https:\/\/richmondpark.school\/politica-de-privacidad\/#breadcrumb"},"inLanguage":"es","potentialAction":[{"@type":"ReadAction","target":["https:\/\/richmondpark.school\/politica-de-privacidad\/"]}]},{"@type":"BreadcrumbList","@id":"https:\/\/richmondpark.school\/politica-de-privacidad\/#breadcrumb","itemListElement":[{"@type":"ListItem","position":1,"name":"Portada","item":"https:\/\/richmondpark.school\/es\/"},{"@type":"ListItem","position":2,"name":"Pol\u00edtica de privacidad"}]},{"@type":"WebSite","@id":"https:\/\/richmondpark.school\/#website","url":"https:\/\/richmondpark.school\/","name":"Richmond Park School","description":"Thinking School &amp; Sports Centre","publisher":{"@id":"https:\/\/richmondpark.school\/#organization"},"potentialAction":[{"@type":"SearchAction","target":{"@type":"EntryPoint","urlTemplate":"https:\/\/richmondpark.school\/?s={search_term_string}"},"query-input":{"@type":"PropertyValueSpecification","valueRequired":true,"valueName":"search_term_string"}}],"inLanguage":"es"},{"@type":"Organization","@id":"https:\/\/richmondpark.school\/#organization","name":"Richmond Park School","url":"https:\/\/richmondpark.school\/","logo":{"@type":"ImageObject","inLanguage":"es","@id":"https:\/\/richmondpark.school\/#\/schema\/logo\/image\/","url":"https:\/\/richmondpark.school\/wp-content\/uploads\/2026\/01\/Richmond_logo-vertical-tagline-green.jpg","contentUrl":"https:\/\/richmondpark.school\/wp-content\/uploads\/2026\/01\/Richmond_logo-vertical-tagline-green.jpg","width":1344,"height":973,"caption":"Richmond Park School"},"image":{"@id":"https:\/\/richmondpark.school\/#\/schema\/logo\/image\/"},"sameAs":["https:\/\/www.facebook.com\/richmondparkschool\/","https:\/\/www.instagram.com\/richmondparkschool\/","https:\/\/www.linkedin.com\/company\/richmondparkschool\/"]}]}},"_links":{"self":[{"href":"https:\/\/richmondpark.school\/es\/wp-json\/wp\/v2\/pages\/224","targetHints":{"allow":["GET"]}}],"collection":[{"href":"https:\/\/richmondpark.school\/es\/wp-json\/wp\/v2\/pages"}],"about":[{"href":"https:\/\/richmondpark.school\/es\/wp-json\/wp\/v2\/types\/page"}],"author":[{"embeddable":true,"href":"https:\/\/richmondpark.school\/es\/wp-json\/wp\/v2\/users\/2"}],"replies":[{"embeddable":true,"href":"https:\/\/richmondpark.school\/es\/wp-json\/wp\/v2\/comments?post=224"}],"version-history":[{"count":0,"href":"https:\/\/richmondpark.school\/es\/wp-json\/wp\/v2\/pages\/224\/revisions"}],"wp:attachment":[{"href":"https:\/\/richmondpark.school\/es\/wp-json\/wp\/v2\/media?parent=224"}],"curies":[{"name":"wp","href":"https:\/\/api.w.org\/{rel}","templated":true}]}}