{"id":15902,"date":"2018-09-03T11:36:38","date_gmt":"2018-09-03T10:36:38","guid":{"rendered":"https:\/\/richmondpark.school\/personas\/"},"modified":"2025-10-20T10:55:54","modified_gmt":"2025-10-20T09:55:54","slug":"personas","status":"publish","type":"page","link":"https:\/\/richmondpark.school\/es\/personas\/","title":{"rendered":"Personas"},"content":{"rendered":"\t\t<div data-elementor-type=\"wp-page\" data-elementor-id=\"15902\" class=\"elementor elementor-15902 elementor-15\" data-elementor-post-type=\"page\">\n\t\t\t\t<div class=\"elementor-element elementor-element-fdff640 e-flex e-con-boxed e-con e-parent\" data-id=\"fdff640\" data-element_type=\"container\" data-e-type=\"container\" data-settings=\"{&quot;background_background&quot;:&quot;classic&quot;}\">\n\t\t\t\t\t<div class=\"e-con-inner\">\n\t\t\t\t<div class=\"elementor-element elementor-element-95b10c2 title-header elementor-widget elementor-widget-heading\" data-id=\"95b10c2\" data-element_type=\"widget\" data-e-type=\"widget\" data-widget_type=\"heading.default\">\n\t\t\t\t\t<h1 class=\"elementor-heading-title elementor-size-default\">Personas<\/h1>\t\t\t\t<\/div>\n\t\t\t\t\t<\/div>\n\t\t\t\t<\/div>\n\t\t<div class=\"elementor-element elementor-element-a003009 cotainer-uniforms e-flex e-con-boxed e-con e-parent\" data-id=\"a003009\" data-element_type=\"container\" data-e-type=\"container\" data-settings=\"{&quot;background_background&quot;:&quot;classic&quot;}\">\n\t\t\t\t\t<div class=\"e-con-inner\">\n\t\t\t\t<div class=\"elementor-element elementor-element-123becb custom-title elementor-widget elementor-widget-heading\" data-id=\"123becb\" data-element_type=\"widget\" data-e-type=\"widget\" data-widget_type=\"heading.default\">\n\t\t\t\t\t<h3 class=\"elementor-heading-title elementor-size-default\">Un colegio de alta calidad no existe de manera aislada<\/h3>\t\t\t\t<\/div>\n\t\t<div class=\"elementor-element elementor-element-e90a150 e-flex e-con-boxed e-con e-child\" data-id=\"e90a150\" data-element_type=\"container\" data-e-type=\"container\">\n\t\t\t\t\t<div class=\"e-con-inner\">\n\t\t\t\t<div class=\"elementor-element elementor-element-ce6a846 desc elementor-widget__width-initial elementor-widget elementor-widget-text-editor\" data-id=\"ce6a846\" data-element_type=\"widget\" data-e-type=\"widget\" data-widget_type=\"text-editor.default\">\n\t\t\t\t\t\t\t\t\t<p>Se basa en una comunidad de alumnos, profesores y padres que comparten una misma visi\u00f3n, creencias y valores. Richmond Park School asegurar\u00e1 que la opini\u00f3n de cada persona ser\u00e1 escuchada y que se respetar\u00e1 a todos los miembros de la comunidad. Los referentes de nuestro colegio mostrar\u00e1n el camino, luchando constantemente para que los estudiantes alcancen sus metas personales y acad\u00e9micas. El colegio ser\u00e1 el eje central de una comunidad cerrada, que se beneficie de la continua interacci\u00f3n de sus miembros, de la participaci\u00f3n activa y de la contribuci\u00f3n constructiva. El colegio formar\u00e1 su comunidad y la comunidad formar\u00e1 al colegio.   <\/p>\t\t\t\t\t\t\t\t<\/div>\n\t\t\t\t\t<\/div>\n\t\t\t\t<\/div>\n\t\t\t\t\t<\/div>\n\t\t\t\t<\/div>\n\t\t<div class=\"elementor-element elementor-element-0683038 cotainer-uniforms e-flex e-con-boxed e-con e-child\" data-id=\"0683038\" data-element_type=\"container\" data-e-type=\"container\" id=\"students\">\n\t\t\t\t\t<div class=\"e-con-inner\">\n\t\t<div class=\"elementor-element elementor-element-2b10a4b e-con-full e-flex e-con e-child\" data-id=\"2b10a4b\" data-element_type=\"container\" data-e-type=\"container\">\n\t\t\t\t<div class=\"elementor-element elementor-element-44ab18d custom-pretitle  elementor-widget elementor-widget-heading\" data-id=\"44ab18d\" data-element_type=\"widget\" data-e-type=\"widget\" data-widget_type=\"heading.default\">\n\t\t\t\t\t<h3 class=\"elementor-heading-title elementor-size-default\">Alumnos<\/h3>\t\t\t\t<\/div>\n\t\t\t\t<div class=\"elementor-element elementor-element-b0377db elementor-widget__width-initial custom-title uniforms-title elementor-widget elementor-widget-heading\" data-id=\"b0377db\" data-element_type=\"widget\" data-e-type=\"widget\" data-widget_type=\"heading.default\">\n\t\t\t\t\t<h2 class=\"elementor-heading-title elementor-size-default\">Un enfoque activo hacia el aprendizaje\n\n<\/h2>\t\t\t\t<\/div>\n\t\t\t\t<\/div>\n\t\t<section class=\"elementor-element elementor-element-de70ac5 e-con-full desc e-flex e-con e-child\" data-id=\"de70ac5\" data-element_type=\"container\" data-e-type=\"container\">\n\t\t\t\t<div class=\"elementor-element elementor-element-a7a9c99 item--text desc elementor-widget elementor-widget-text-editor\" data-id=\"a7a9c99\" data-element_type=\"widget\" data-e-type=\"widget\" data-widget_type=\"text-editor.default\">\n\t\t\t\t\t\t\t\t\t<p>Los alumnos son el centro de nuestra comunidad. Todas las decisiones, acciones y experiencias se centrar\u00e1n en su desarrollo y bienestar. No se trata de una relaci\u00f3n pasiva. Los alumnos deber\u00e1n desempe\u00f1ar un papel activo en todos los aspectos de su educaci\u00f3n. Por ejemplo, en Richmond Park School todos ense\u00f1aremos y aprenderemos. Los profesores guiar\u00e1n y facilitar\u00e1n el aprendizaje pero, a menudo, los alumnos tomar\u00e1n las riendas, pensando, explorando, resolviendo problemas y creando. Se involucrar\u00e1n en la comunidad en todos los aspectos, asumiendo sus responsabilidades, respetando y ayudando a los dem\u00e1s y participando en eventos especiales y proyectos. A la vez que nuestros alumnos crecen, aprender\u00e1n m\u00e1s sobre s\u00ed mismos y sobre el resto de personas, sociedades y culturas. Su entusiasmo y motivaci\u00f3n llevar\u00e1 a nuestra comunidad a conectar con los dem\u00e1s.        <\/p>\t\t\t\t\t\t\t\t<\/div>\n\t\t\t\t<\/section>\n\t\t\t\t\t<\/div>\n\t\t\t\t<\/div>\n\t\t<section class=\"elementor-element elementor-element-d860421 e-con-full school-day__container e-flex e-con e-parent\" data-id=\"d860421\" data-element_type=\"container\" data-e-type=\"container\" id=\"staff\">\n\t\t<div class=\"elementor-element elementor-element-59b131d e-con-full school-day__img e-flex e-con e-child\" data-id=\"59b131d\" data-element_type=\"container\" data-e-type=\"container\">\n\t\t\t\t<div class=\"elementor-element elementor-element-6ef6abd elementor-hidden-tablet_extra elementor-hidden-tablet elementor-hidden-mobile_extra elementor-hidden-mobile elementor-widget elementor-widget-image\" data-id=\"6ef6abd\" data-element_type=\"widget\" data-e-type=\"widget\" data-widget_type=\"image.default\">\n\t\t\t\t\t\t\t\t\t\t\t\t\t\t\t<img fetchpriority=\"high\" decoding=\"async\" width=\"1076\" height=\"680\" src=\"https:\/\/richmondpark.school\/wp-content\/uploads\/2025\/08\/rps_people-1.webp\" class=\"attachment-full size-full wp-image-13725\" alt=\"\" srcset=\"https:\/\/richmondpark.school\/wp-content\/uploads\/2025\/08\/rps_people-1.webp 1076w, https:\/\/richmondpark.school\/wp-content\/uploads\/2025\/08\/rps_people-1-300x190.webp 300w, https:\/\/richmondpark.school\/wp-content\/uploads\/2025\/08\/rps_people-1-1024x647.webp 1024w, https:\/\/richmondpark.school\/wp-content\/uploads\/2025\/08\/rps_people-1-768x485.webp 768w\" sizes=\"(max-width: 1076px) 100vw, 1076px\" \/>\t\t\t\t\t\t\t\t\t\t\t\t\t\t\t<\/div>\n\t\t\t\t<\/div>\n\t\t<div class=\"elementor-element elementor-element-55e18cc e-con-full school-day-right e-flex e-con e-child\" data-id=\"55e18cc\" data-element_type=\"container\" data-e-type=\"container\">\n\t\t<div class=\"elementor-element elementor-element-6a7567e e-con-full e-flex e-con e-child\" data-id=\"6a7567e\" data-element_type=\"container\" data-e-type=\"container\">\n\t\t\t\t<div class=\"elementor-element elementor-element-f227fff custom-pretitle  elementor-widget elementor-widget-heading\" data-id=\"f227fff\" data-element_type=\"widget\" data-e-type=\"widget\" data-widget_type=\"heading.default\">\n\t\t\t\t\t<h3 class=\"elementor-heading-title elementor-size-default\">Profesores\n<\/h3>\t\t\t\t<\/div>\n\t\t\t\t<div class=\"elementor-element elementor-element-51b5679 elementor-widget__width-initial custom-title uniforms-title elementor-widget elementor-widget-heading\" data-id=\"51b5679\" data-element_type=\"widget\" data-e-type=\"widget\" data-widget_type=\"heading.default\">\n\t\t\t\t\t<h2 class=\"elementor-heading-title elementor-size-default\">Difusi\u00f3n de conocimiento\n<\/h2>\t\t\t\t<\/div>\n\t\t\t\t<div class=\"elementor-element elementor-element-08faed3 desc elementor-widget elementor-widget-text-editor\" data-id=\"08faed3\" data-element_type=\"widget\" data-e-type=\"widget\" data-widget_type=\"text-editor.default\">\n\t\t\t\t\t\t\t\t\t<p class=\"desc\">La comprensi\u00f3n mutua, el respeto y el apoyo s\u00f3lo pueden alcanzarse y mantenerse constantes si todo el mundo es consciente de cu\u00e1les son sus derechos y obligaciones. Nuestros profesores, mediante todos sus actos y palabras, se asegurar\u00e1n de que se respetan los derechos de los padres y de los alumnos y de que cumplen con sus obligaciones. Por encima de todo, en su ense\u00f1anza, orientaci\u00f3n acad\u00e9mica y soporte, siempre dar\u00e1n prioridad a las necesidades e intereses de los alumnos.  <\/p>\n<p class=\"desc\">La confianza en una comunidad tambi\u00e9n se consigue a trav\u00e9s del conocimiento y de la informaci\u00f3n. Nuestra escuela publicar\u00e1 todas las normas, pol\u00edticas y directrices clave. Tanto los padres como los alumnos ser\u00e1n informados con regularidad sobre el progreso del alumno y sobre los siguientes pasos del aprendizaje a trav\u00e9s de informes, reuniones y charlas. Cualquier problema y preocupaci\u00f3n ser\u00e1 afrontada r\u00e1pidamente y de forma efectiva. Tambi\u00e9n organizaremos charlas y talleres con regularidad para explicar aspectos del curr\u00edculum, de la ense\u00f1anza y del aprendizaje, as\u00ed como nuevos proyectos y enfoques.    <\/p>\n<p class=\"desc\">Los profesores representan un impacto muy importante en las vidas de los alumnos. Har\u00e1n que este impacto sea positivo y duradero. <\/p>\t\t\t\t\t\t\t\t<\/div>\n\t\t\t\t<\/div>\n\t\t\t\t<\/div>\n\t\t\t\t<\/section>\n\t\t<div class=\"elementor-element elementor-element-33f0371 cotainer-uniforms e-flex e-con-boxed e-con e-child\" data-id=\"33f0371\" data-element_type=\"container\" data-e-type=\"container\" id=\"parents\">\n\t\t\t\t\t<div class=\"e-con-inner\">\n\t\t<div class=\"elementor-element elementor-element-78e7e9d e-con-full e-flex e-con e-child\" data-id=\"78e7e9d\" data-element_type=\"container\" data-e-type=\"container\">\n\t\t\t\t<div class=\"elementor-element elementor-element-ba4197e custom-pretitle custom-pretitle-parents elementor-widget elementor-widget-heading\" data-id=\"ba4197e\" data-element_type=\"widget\" data-e-type=\"widget\" data-widget_type=\"heading.default\">\n\t\t\t\t\t<h3 class=\"elementor-heading-title elementor-size-default\">Padres<\/h3>\t\t\t\t<\/div>\n\t\t\t\t<div class=\"elementor-element elementor-element-6e976f5 elementor-widget__width-initial custom-title uniforms-title elementor-widget elementor-widget-heading\" data-id=\"6e976f5\" data-element_type=\"widget\" data-e-type=\"widget\" data-widget_type=\"heading.default\">\n\t\t\t\t\t<h2 class=\"elementor-heading-title elementor-size-default\">Trabajando juntos para la Comunidad\n<\/h2>\t\t\t\t<\/div>\n\t\t\t\t<\/div>\n\t\t<section class=\"elementor-element elementor-element-5611d10 e-con-full e-flex e-con e-child\" data-id=\"5611d10\" data-element_type=\"container\" data-e-type=\"container\">\n\t\t\t\t<div class=\"elementor-element elementor-element-a56ee93 item--text desc elementor-widget-mobile_extra__width-inherit elementor-widget elementor-widget-text-editor\" data-id=\"a56ee93\" data-element_type=\"widget\" data-e-type=\"widget\" data-widget_type=\"text-editor.default\">\n\t\t\t\t\t\t\t\t\t<p>Los padres, con raz\u00f3n, recurren a la escuela para explotar el potencial de sus hijos y ayudarles a ser felices y a que tengan \u00e9xito como alumnos y como personas. Por su parte, la escuela recurre a los padres para solicitarles apoyo y confianza. La educaci\u00f3n es un acuerdo entre los profesores y los padres. Ambos representan una influencia muy importante en las vidas presentes y futuras de los ni\u00f1os. Trabajando codo con codo, esta influencia siempre ser\u00e1 positiva y efectiva.    <\/p>\n<p>Informaci\u00f3n regular, charlas y reuniones formales e informales asegurar\u00e1n que los padres est\u00e1n al corriente de todos los aspectos de la educaci\u00f3n de sus hijos.<\/p>\n<p>La implicaci\u00f3n de los padres en proyectos adicionales y actividades sociales y culturales ser\u00e1 esencial para el \u00e9xito de nuestra escuela y su comunidad.<\/p>\t\t\t\t\t\t\t\t<\/div>\n\t\t\t\t<\/section>\n\t\t\t\t\t<\/div>\n\t\t\t\t<\/div>\n\t\t<div class=\"elementor-element elementor-element-8fa966f cotainer-uniforms e-flex e-con-boxed e-con e-child\" data-id=\"8fa966f\" data-element_type=\"container\" data-e-type=\"container\" data-settings=\"{&quot;background_background&quot;:&quot;classic&quot;}\">\n\t\t\t\t\t<div class=\"e-con-inner\">\n\t\t<div class=\"elementor-element elementor-element-2cf0d05 e-con-full e-flex e-con e-child\" data-id=\"2cf0d05\" data-element_type=\"container\" data-e-type=\"container\">\n\t\t\t\t<div class=\"elementor-element elementor-element-8c084da elementor-widget__width-initial custom-title uniforms-title elementor-widget elementor-widget-heading\" data-id=\"8c084da\" data-element_type=\"widget\" data-e-type=\"widget\" data-widget_type=\"heading.default\">\n\t\t\t\t\t<h2 class=\"elementor-heading-title elementor-size-default\">Executive Directors of Education:\n<\/h2>\t\t\t\t<\/div>\n\t\t\t\t<\/div>\n\t\t<section class=\"elementor-element elementor-element-9ebec0c e-con-full extra-curricular__text e-flex e-con e-child\" data-id=\"9ebec0c\" data-element_type=\"container\" data-e-type=\"container\">\n\t\t\t\t<div class=\"elementor-element elementor-element-72d65ac item--text desc elementor-widget elementor-widget-text-editor\" data-id=\"72d65ac\" data-element_type=\"widget\" data-e-type=\"widget\" data-widget_type=\"text-editor.default\">\n\t\t\t\t\t\t\t\t\t<ul>\n<li>Primary: Mrs Anita Sanchez<\/li>\n<li>Secondary: Mr Brian Conway<\/li>\n<\/ul>\t\t\t\t\t\t\t\t<\/div>\n\t\t\t\t<\/section>\n\t\t\t\t\t<\/div>\n\t\t\t\t<\/div>\n\t\t\t\t<\/div>\n\t\t","protected":false},"excerpt":{"rendered":"<p>Un colegio de alta calidad no existe de manera aislada Se basa en una comunidad de alumnos, profesores y padres [&hellip;]<\/p>\n","protected":false},"author":2,"featured_media":0,"parent":0,"menu_order":0,"comment_status":"closed","ping_status":"closed","template":"","meta":{"inline_featured_image":false,"site-sidebar-layout":"no-sidebar","site-content-layout":"","ast-site-content-layout":"full-width-container","site-content-style":"default","site-sidebar-style":"default","ast-global-header-display":"","ast-banner-title-visibility":"","ast-main-header-display":"","ast-hfb-above-header-display":"","ast-hfb-below-header-display":"","ast-hfb-mobile-header-display":"","site-post-title":"disabled","ast-breadcrumbs-content":"","ast-featured-img":"disabled","footer-sml-layout":"","theme-transparent-header-meta":"enabled","adv-header-id-meta":"","stick-header-meta":"","header-above-stick-meta":"","header-main-stick-meta":"","header-below-stick-meta":"","astra-migrate-meta-layouts":"default","ast-page-background-enabled":"default","ast-page-background-meta":{"desktop":{"background-color":"var(--ast-global-color-5)","background-image":"","background-repeat":"repeat","background-position":"center center","background-size":"auto","background-attachment":"scroll","background-type":"","background-media":"","overlay-type":"","overlay-color":"","overlay-opacity":"","overlay-gradient":""},"tablet":{"background-color":"","background-image":"","background-repeat":"repeat","background-position":"center center","background-size":"auto","background-attachment":"scroll","background-type":"","background-media":"","overlay-type":"","overlay-color":"","overlay-opacity":"","overlay-gradient":""},"mobile":{"background-color":"","background-image":"","background-repeat":"repeat","background-position":"center center","background-size":"auto","background-attachment":"scroll","background-type":"","background-media":"","overlay-type":"","overlay-color":"","overlay-opacity":"","overlay-gradient":""}},"ast-content-background-meta":{"desktop":{"background-color":"var(--ast-global-color-4)","background-image":"","background-repeat":"repeat","background-position":"center center","background-size":"auto","background-attachment":"scroll","background-type":"","background-media":"","overlay-type":"","overlay-color":"","overlay-opacity":"","overlay-gradient":""},"tablet":{"background-color":"var(--ast-global-color-4)","background-image":"","background-repeat":"repeat","background-position":"center center","background-size":"auto","background-attachment":"scroll","background-type":"","background-media":"","overlay-type":"","overlay-color":"","overlay-opacity":"","overlay-gradient":""},"mobile":{"background-color":"var(--ast-global-color-4)","background-image":"","background-repeat":"repeat","background-position":"center center","background-size":"auto","background-attachment":"scroll","background-type":"","background-media":"","overlay-type":"","overlay-color":"","overlay-opacity":"","overlay-gradient":""}},"footnotes":"","_wp_rev_ctl_limit":""},"class_list":["post-15902","page","type-page","status-publish","hentry"],"yoast_head":"<!-- This site is optimized with the Yoast SEO plugin v27.3 - https:\/\/yoast.com\/product\/yoast-seo-wordpress\/ -->\n<title>Trabajando juntos para la Comunidad - Richmond Park School<\/title>\n<meta name=\"description\" content=\"Parent&#039;s involvement, for example in extra projects and social\/cultural activities, will prove vital to the success of our School and its community.\" \/>\n<meta name=\"robots\" content=\"index, follow, max-snippet:-1, max-image-preview:large, max-video-preview:-1\" \/>\n<link rel=\"canonical\" href=\"https:\/\/richmondpark.school\/es\/personas\/\" \/>\n<meta property=\"og:locale\" content=\"es_ES\" \/>\n<meta property=\"og:type\" content=\"article\" \/>\n<meta property=\"og:title\" content=\"Trabajando juntos para la Comunidad - Richmond Park School\" \/>\n<meta property=\"og:description\" content=\"Parent&#039;s involvement, for example in extra projects and social\/cultural activities, will prove vital to the success of our School and its community.\" \/>\n<meta property=\"og:url\" content=\"https:\/\/richmondpark.school\/es\/personas\/\" \/>\n<meta property=\"og:site_name\" content=\"Richmond Park School\" \/>\n<meta property=\"article:publisher\" content=\"https:\/\/www.facebook.com\/richmondparkschool\/\" \/>\n<meta property=\"article:modified_time\" content=\"2025-10-20T09:55:54+00:00\" \/>\n<meta property=\"og:image\" content=\"https:\/\/richmondpark.school\/wp-content\/uploads\/2025\/08\/rps_people-1.webp\" \/>\n\t<meta property=\"og:image:width\" content=\"1076\" \/>\n\t<meta property=\"og:image:height\" content=\"680\" \/>\n\t<meta property=\"og:image:type\" content=\"image\/webp\" \/>\n<meta name=\"twitter:card\" content=\"summary_large_image\" \/>\n<meta name=\"twitter:label1\" content=\"Tiempo de lectura\" \/>\n\t<meta name=\"twitter:data1\" content=\"3 minutos\" \/>\n<script type=\"application\/ld+json\" class=\"yoast-schema-graph\">{\"@context\":\"https:\\\/\\\/schema.org\",\"@graph\":[{\"@type\":\"WebPage\",\"@id\":\"https:\\\/\\\/richmondpark.school\\\/es\\\/personas\\\/\",\"url\":\"https:\\\/\\\/richmondpark.school\\\/es\\\/personas\\\/\",\"name\":\"Trabajando juntos para la Comunidad - Richmond Park School\",\"isPartOf\":{\"@id\":\"https:\\\/\\\/richmondpark.school\\\/#website\"},\"primaryImageOfPage\":{\"@id\":\"https:\\\/\\\/richmondpark.school\\\/es\\\/personas\\\/#primaryimage\"},\"image\":{\"@id\":\"https:\\\/\\\/richmondpark.school\\\/es\\\/personas\\\/#primaryimage\"},\"thumbnailUrl\":\"https:\\\/\\\/richmondpark.school\\\/wp-content\\\/uploads\\\/2025\\\/08\\\/rps_people-1.webp\",\"datePublished\":\"2018-09-03T10:36:38+00:00\",\"dateModified\":\"2025-10-20T09:55:54+00:00\",\"description\":\"Parent's involvement, for example in extra projects and social\\\/cultural activities, will prove vital to the success of our School and its community.\",\"breadcrumb\":{\"@id\":\"https:\\\/\\\/richmondpark.school\\\/es\\\/personas\\\/#breadcrumb\"},\"inLanguage\":\"es\",\"potentialAction\":[{\"@type\":\"ReadAction\",\"target\":[\"https:\\\/\\\/richmondpark.school\\\/es\\\/personas\\\/\"]}]},{\"@type\":\"ImageObject\",\"inLanguage\":\"es\",\"@id\":\"https:\\\/\\\/richmondpark.school\\\/es\\\/personas\\\/#primaryimage\",\"url\":\"https:\\\/\\\/richmondpark.school\\\/wp-content\\\/uploads\\\/2025\\\/08\\\/rps_people-1.webp\",\"contentUrl\":\"https:\\\/\\\/richmondpark.school\\\/wp-content\\\/uploads\\\/2025\\\/08\\\/rps_people-1.webp\"},{\"@type\":\"BreadcrumbList\",\"@id\":\"https:\\\/\\\/richmondpark.school\\\/es\\\/personas\\\/#breadcrumb\",\"itemListElement\":[{\"@type\":\"ListItem\",\"position\":1,\"name\":\"Portada\",\"item\":\"https:\\\/\\\/richmondpark.school\\\/es\\\/home\\\/\"},{\"@type\":\"ListItem\",\"position\":2,\"name\":\"Personas\"}]},{\"@type\":\"WebSite\",\"@id\":\"https:\\\/\\\/richmondpark.school\\\/#website\",\"url\":\"https:\\\/\\\/richmondpark.school\\\/\",\"name\":\"Richmond Park School\",\"description\":\"Thinking School &amp; Sports Centre\",\"publisher\":{\"@id\":\"https:\\\/\\\/richmondpark.school\\\/#organization\"},\"potentialAction\":[{\"@type\":\"SearchAction\",\"target\":{\"@type\":\"EntryPoint\",\"urlTemplate\":\"https:\\\/\\\/richmondpark.school\\\/?s={search_term_string}\"},\"query-input\":{\"@type\":\"PropertyValueSpecification\",\"valueRequired\":true,\"valueName\":\"search_term_string\"}}],\"inLanguage\":\"es\"},{\"@type\":\"Organization\",\"@id\":\"https:\\\/\\\/richmondpark.school\\\/#organization\",\"name\":\"Richmond Park School\",\"url\":\"https:\\\/\\\/richmondpark.school\\\/\",\"logo\":{\"@type\":\"ImageObject\",\"inLanguage\":\"es\",\"@id\":\"https:\\\/\\\/richmondpark.school\\\/#\\\/schema\\\/logo\\\/image\\\/\",\"url\":\"https:\\\/\\\/richmondpark.school\\\/wp-content\\\/uploads\\\/2026\\\/01\\\/Richmond_logo-vertical-tagline-green.jpg\",\"contentUrl\":\"https:\\\/\\\/richmondpark.school\\\/wp-content\\\/uploads\\\/2026\\\/01\\\/Richmond_logo-vertical-tagline-green.jpg\",\"width\":1344,\"height\":973,\"caption\":\"Richmond Park School\"},\"image\":{\"@id\":\"https:\\\/\\\/richmondpark.school\\\/#\\\/schema\\\/logo\\\/image\\\/\"},\"sameAs\":[\"https:\\\/\\\/www.facebook.com\\\/richmondparkschool\\\/\",\"https:\\\/\\\/www.instagram.com\\\/richmondparkschool\\\/\",\"https:\\\/\\\/www.linkedin.com\\\/company\\\/richmondparkschool\\\/\"]}]}<\/script>\n<!-- \/ Yoast SEO plugin. -->","yoast_head_json":{"title":"Trabajando juntos para la Comunidad - Richmond Park School","description":"Parent's involvement, for example in extra projects and social\/cultural activities, will prove vital to the success of our School and its community.","robots":{"index":"index","follow":"follow","max-snippet":"max-snippet:-1","max-image-preview":"max-image-preview:large","max-video-preview":"max-video-preview:-1"},"canonical":"https:\/\/richmondpark.school\/es\/personas\/","og_locale":"es_ES","og_type":"article","og_title":"Trabajando juntos para la Comunidad - Richmond Park School","og_description":"Parent's involvement, for example in extra projects and social\/cultural activities, will prove vital to the success of our School and its community.","og_url":"https:\/\/richmondpark.school\/es\/personas\/","og_site_name":"Richmond Park School","article_publisher":"https:\/\/www.facebook.com\/richmondparkschool\/","article_modified_time":"2025-10-20T09:55:54+00:00","og_image":[{"width":1076,"height":680,"url":"https:\/\/richmondpark.school\/wp-content\/uploads\/2025\/08\/rps_people-1.webp","type":"image\/webp"}],"twitter_card":"summary_large_image","twitter_misc":{"Tiempo de lectura":"3 minutos"},"schema":{"@context":"https:\/\/schema.org","@graph":[{"@type":"WebPage","@id":"https:\/\/richmondpark.school\/es\/personas\/","url":"https:\/\/richmondpark.school\/es\/personas\/","name":"Trabajando juntos para la Comunidad - Richmond Park School","isPartOf":{"@id":"https:\/\/richmondpark.school\/#website"},"primaryImageOfPage":{"@id":"https:\/\/richmondpark.school\/es\/personas\/#primaryimage"},"image":{"@id":"https:\/\/richmondpark.school\/es\/personas\/#primaryimage"},"thumbnailUrl":"https:\/\/richmondpark.school\/wp-content\/uploads\/2025\/08\/rps_people-1.webp","datePublished":"2018-09-03T10:36:38+00:00","dateModified":"2025-10-20T09:55:54+00:00","description":"Parent's involvement, for example in extra projects and social\/cultural activities, will prove vital to the success of our School and its community.","breadcrumb":{"@id":"https:\/\/richmondpark.school\/es\/personas\/#breadcrumb"},"inLanguage":"es","potentialAction":[{"@type":"ReadAction","target":["https:\/\/richmondpark.school\/es\/personas\/"]}]},{"@type":"ImageObject","inLanguage":"es","@id":"https:\/\/richmondpark.school\/es\/personas\/#primaryimage","url":"https:\/\/richmondpark.school\/wp-content\/uploads\/2025\/08\/rps_people-1.webp","contentUrl":"https:\/\/richmondpark.school\/wp-content\/uploads\/2025\/08\/rps_people-1.webp"},{"@type":"BreadcrumbList","@id":"https:\/\/richmondpark.school\/es\/personas\/#breadcrumb","itemListElement":[{"@type":"ListItem","position":1,"name":"Portada","item":"https:\/\/richmondpark.school\/es\/home\/"},{"@type":"ListItem","position":2,"name":"Personas"}]},{"@type":"WebSite","@id":"https:\/\/richmondpark.school\/#website","url":"https:\/\/richmondpark.school\/","name":"Richmond Park School","description":"Thinking School &amp; Sports Centre","publisher":{"@id":"https:\/\/richmondpark.school\/#organization"},"potentialAction":[{"@type":"SearchAction","target":{"@type":"EntryPoint","urlTemplate":"https:\/\/richmondpark.school\/?s={search_term_string}"},"query-input":{"@type":"PropertyValueSpecification","valueRequired":true,"valueName":"search_term_string"}}],"inLanguage":"es"},{"@type":"Organization","@id":"https:\/\/richmondpark.school\/#organization","name":"Richmond Park School","url":"https:\/\/richmondpark.school\/","logo":{"@type":"ImageObject","inLanguage":"es","@id":"https:\/\/richmondpark.school\/#\/schema\/logo\/image\/","url":"https:\/\/richmondpark.school\/wp-content\/uploads\/2026\/01\/Richmond_logo-vertical-tagline-green.jpg","contentUrl":"https:\/\/richmondpark.school\/wp-content\/uploads\/2026\/01\/Richmond_logo-vertical-tagline-green.jpg","width":1344,"height":973,"caption":"Richmond Park School"},"image":{"@id":"https:\/\/richmondpark.school\/#\/schema\/logo\/image\/"},"sameAs":["https:\/\/www.facebook.com\/richmondparkschool\/","https:\/\/www.instagram.com\/richmondparkschool\/","https:\/\/www.linkedin.com\/company\/richmondparkschool\/"]}]}},"_links":{"self":[{"href":"https:\/\/richmondpark.school\/es\/wp-json\/wp\/v2\/pages\/15902","targetHints":{"allow":["GET"]}}],"collection":[{"href":"https:\/\/richmondpark.school\/es\/wp-json\/wp\/v2\/pages"}],"about":[{"href":"https:\/\/richmondpark.school\/es\/wp-json\/wp\/v2\/types\/page"}],"author":[{"embeddable":true,"href":"https:\/\/richmondpark.school\/es\/wp-json\/wp\/v2\/users\/2"}],"replies":[{"embeddable":true,"href":"https:\/\/richmondpark.school\/es\/wp-json\/wp\/v2\/comments?post=15902"}],"version-history":[{"count":0,"href":"https:\/\/richmondpark.school\/es\/wp-json\/wp\/v2\/pages\/15902\/revisions"}],"wp:attachment":[{"href":"https:\/\/richmondpark.school\/es\/wp-json\/wp\/v2\/media?parent=15902"}],"curies":[{"name":"wp","href":"https:\/\/api.w.org\/{rel}","templated":true}]}}